{"id":894,"date":"2020-12-30T19:09:14","date_gmt":"2020-12-30T17:09:14","guid":{"rendered":"http:\/\/schantal-models.de\/become-a-model"},"modified":"2021-02-22T16:05:56","modified_gmt":"2021-02-22T14:05:56","slug":"apply","status":"publish","type":"page","link":"https:\/\/schantal-models.de\/de\/apply","title":{"rendered":"Anwenden"},"content":{"rendered":"<p><div role=\"form\" class=\"wpcf7\" id=\"wpcf7-f1083-o3\" lang=\"ru-RU\" dir=\"ltr\">\n<div class=\"screen-reader-response\"><p role=\"status\" aria-live=\"polite\" aria-atomic=\"true\"><\/p> <ul><\/ul><\/div>\n<form action=\"\/de\/wp-json\/wp\/v2\/pages\/894#wpcf7-f1083-o3\" method=\"post\" class=\"wpcf7-form init\" novalidate=\"novalidate\" data-status=\"init\">\n<div style=\"display: none;\">\n<input type=\"hidden\" name=\"_wpcf7\" value=\"1083\" \/>\n<input type=\"hidden\" name=\"_wpcf7_version\" value=\"5.3.2\" \/>\n<input type=\"hidden\" name=\"_wpcf7_locale\" value=\"ru_RU\" \/>\n<input type=\"hidden\" name=\"_wpcf7_unit_tag\" value=\"wpcf7-f1083-o3\" \/>\n<input type=\"hidden\" name=\"_wpcf7_container_post\" value=\"0\" \/>\n<input type=\"hidden\" name=\"_wpcf7_posted_data_hash\" value=\"\" \/>\n<\/div>\n<div class=\"form_line\">\n<p>Name *<\/p>\n<div class=\"mid_input\">\n                          <span class=\"wpcf7-form-control-wrap name-994\"><input type=\"text\" name=\"name-994\" value=\"\" size=\"40\" class=\"wpcf7-form-control wpcf7-text wpcf7-validates-as-required\" aria-required=\"true\" aria-invalid=\"false\" \/><\/span><label>Vorname<\/label>\n                    <\/div>\n<div class=\"mid_input\">\n                         <span class=\"wpcf7-form-control-wrap last_name-994\"><input type=\"text\" name=\"last_name-994\" value=\"\" size=\"40\" class=\"wpcf7-form-control wpcf7-text wpcf7-validates-as-required\" aria-required=\"true\" aria-invalid=\"false\" \/><\/span><label>Familienname, Nachname<\/label>\n                    <\/div>\n<\/p><\/div>\n<div class=\"form_line\">\n<p>Geburtstag *<br \/>\n                       <span>dd\/mm\/yy<\/span> <\/p>\n<p>                     <span class=\"wpcf7-form-control-wrap birthday-127\"><input type=\"date\" name=\"birthday-127\" value=\"\" class=\"wpcf7-form-control wpcf7-date wpcf7-validates-as-required wpcf7-validates-as-date\" aria-required=\"true\" aria-invalid=\"false\" \/><\/span>\n                <\/p><\/div>\n<div class=\"form_line\">\n<p>Wenn Sie unter 18 Jahre alt sind, m\u00fcssen wir die Kontaktdaten Ihrer Erziehungsberechtigten haben<\/p>\n<p>                    <span class=\"wpcf7-form-control-wrap guardians-429\"><input type=\"text\" name=\"guardians-429\" value=\"\" size=\"40\" class=\"wpcf7-form-control wpcf7-text\" aria-invalid=\"false\" placeholder=\"First Last Name, Phone Number &amp; Email Address\" \/><\/span>\n                <\/p><\/div>\n<div class=\"form_line\">\n<p>Hast du Modellierungserfahrung? *<\/p>\n<p>                     <span class=\"wpcf7-form-control-wrap radio-577\"><span class=\"wpcf7-form-control wpcf7-radio\"><span class=\"wpcf7-list-item first\"><label><input type=\"radio\" name=\"radio-577\" value=\"ja\" checked=\"checked\" \/><span class=\"wpcf7-list-item-label\">ja<\/span><\/label><\/span><span class=\"wpcf7-list-item last\"><label><input type=\"radio\" name=\"radio-577\" value=\"nein\" \/><span class=\"wpcf7-list-item-label\">nein<\/span><\/label><\/span><\/span><\/span>\n                <\/p><\/div>\n<div class=\"form_line\">\n<p>Wenn ja, teilen Sie uns bitte Ihre Erfahrungen mit<\/p>\n<p>                     <span class=\"wpcf7-form-control-wrap textarea-136\"><textarea name=\"textarea-136\" cols=\"40\" rows=\"10\" class=\"wpcf7-form-control wpcf7-textarea\" aria-invalid=\"false\"><\/textarea><\/span>\n                <\/p><\/div>\n<div class=\"form_line\">\n<p>Lernst du in der Schule?<\/p>\n<p>                     <span class=\"wpcf7-form-control-wrap radio-161\"><span class=\"wpcf7-form-control wpcf7-radio\"><span class=\"wpcf7-list-item first\"><label><input type=\"radio\" name=\"radio-161\" value=\"ja\" checked=\"checked\" \/><span class=\"wpcf7-list-item-label\">ja<\/span><\/label><\/span><span class=\"wpcf7-list-item last\"><label><input type=\"radio\" name=\"radio-161\" value=\"nein\" \/><span class=\"wpcf7-list-item-label\">nein<\/span><\/label><\/span><\/span><\/span>\n                <\/p><\/div>\n<div class=\"form_line\">\n<p>Wenn ja, in welcher Klasse bist du?<\/p>\n<p>                     <span class=\"wpcf7-form-control-wrap grade-127\"><input type=\"text\" name=\"grade-127\" value=\"\" size=\"40\" class=\"wpcf7-form-control wpcf7-text\" aria-invalid=\"false\" \/><\/span>\n                <\/p><\/div>\n<div class=\"form_line\">\n<p>Was sind deine Hobbies?<\/p>\n<p>                     <span class=\"wpcf7-form-control-wrap textarea-136\"><textarea name=\"textarea-136\" cols=\"40\" rows=\"10\" class=\"wpcf7-form-control wpcf7-textarea\" aria-invalid=\"false\"><\/textarea><\/span>\n                <\/p><\/div>\n<div class=\"form_line\">\n<p>Social Media Adresse<\/p>\n<p>                    <span class=\"wpcf7-form-control-wrap social_media-127\"><input type=\"text\" name=\"social_media-127\" value=\"\" size=\"40\" class=\"wpcf7-form-control wpcf7-text\" aria-invalid=\"false\" \/><\/span>\n                <\/p><\/div>\n<h2>KONTAKT INFORMATIONEN<\/h2>\n<div class=\"form_line\">\n<p>Email *<\/p>\n<p>                    <span class=\"wpcf7-form-control-wrap address-127\"><input type=\"text\" name=\"address-127\" value=\"\" size=\"40\" class=\"wpcf7-form-control wpcf7-text wpcf7-validates-as-required\" aria-required=\"true\" aria-invalid=\"false\" \/><\/span>\n                <\/p><\/div>\n<div class=\"form_line\">\n<p>Telefonnummer *<\/p>\n<p>                     <span class=\"wpcf7-form-control-wrap phone-802\"><input type=\"tel\" name=\"phone-802\" value=\"\" size=\"40\" class=\"wpcf7-form-control wpcf7-text wpcf7-tel wpcf7-validates-as-required wpcf7-validates-as-tel\" aria-required=\"true\" aria-invalid=\"false\" \/><\/span>\n                <\/p><\/div>\n<div class=\"form_line\">\n<p>Adresse<\/p>\n<p>                     <span class=\"wpcf7-form-control-wrap address_1-127\"><input type=\"text\" name=\"address_1-127\" value=\"\" size=\"40\" class=\"wpcf7-form-control wpcf7-text\" aria-invalid=\"false\" \/><\/span>\n                <\/p><\/div>\n<div class=\"form_line\">\n<div class=\"big_input\">\n                         <span class=\"wpcf7-form-control-wrap city-127\"><input type=\"text\" name=\"city-127\" value=\"\" size=\"40\" class=\"wpcf7-form-control wpcf7-text\" aria-invalid=\"false\" \/><\/span><label>Stadt<\/label>\n                    <\/div>\n<div class=\"sm_input\">\n                         <span class=\"wpcf7-form-control-wrap state-127\"><input type=\"text\" name=\"state-127\" value=\"\" size=\"40\" class=\"wpcf7-form-control wpcf7-text\" aria-invalid=\"false\" \/><\/span><label>Staat \/ Provinz<\/label>\n                    <\/div>\n<\/p><\/div>\n<div class=\"form_line\">\n<div class=\"mid_input\">\n                         <span class=\"wpcf7-form-control-wrap zip-127\"><input type=\"text\" name=\"zip-127\" value=\"\" size=\"40\" class=\"wpcf7-form-control wpcf7-text\" aria-invalid=\"false\" \/><\/span><label>Postleitzahl<\/label>\n                    <\/div>\n<\/p><\/div>\n<div class=\"form_line\">\n                     <span class=\"wpcf7-form-control-wrap country-127\"><input type=\"text\" name=\"country-127\" value=\"\" size=\"40\" class=\"wpcf7-form-control wpcf7-text\" aria-invalid=\"false\" \/><\/span><br \/>\n                    <label>Land<\/label>\n                <\/div>\n<h2>IHRE STATISTIKEN<\/h2>\n<div class=\"form_line\">\n<p> *<\/p>\n<p><span class=\"wpcf7-form-control-wrap menu-224\"><select name=\"menu-224\" class=\"wpcf7-form-control wpcf7-select wpcf7-validates-as-required\" aria-required=\"true\" aria-invalid=\"false\"><option value=\"M\u00e4nnlich\">M\u00e4nnlich<\/option><option value=\"Weiblich\">Weiblich<\/option><\/select><\/span>\n<\/p><\/div>\n<div class=\"form_line\">\n<p>H\u00f6he *<br><br \/>\n                         <span class=\"wpcf7-form-control-wrap height-127\"><input type=\"text\" name=\"height-127\" value=\"\" size=\"40\" class=\"wpcf7-form-control wpcf7-text wpcf7-validates-as-required\" aria-required=\"true\" aria-invalid=\"false\" \/><\/span> <\/p>\n<\/p><\/div>\n<div class=\"form_line\">\n<p>Haar *<br><br \/>\n                         <span class=\"wpcf7-form-control-wrap hair-127\"><input type=\"text\" name=\"hair-127\" value=\"\" size=\"40\" class=\"wpcf7-form-control wpcf7-text wpcf7-validates-as-required\" aria-required=\"true\" aria-invalid=\"false\" \/><\/span> <\/p>\n<\/p><\/div>\n<div class=\"form_line\">\n<p>Augen *<br><br \/>\n                         <span class=\"wpcf7-form-control-wrap eyes-127\"><input type=\"text\" name=\"eyes-127\" value=\"\" size=\"40\" class=\"wpcf7-form-control wpcf7-text wpcf7-validates-as-required\" aria-required=\"true\" aria-invalid=\"false\" \/><\/span> <\/p>\n<\/p><\/div>\n<div class=\"form_line\">\n<p>Cup (f\u00fcr weiblich) *<br><br \/>\n                         <span class=\"wpcf7-form-control-wrap cup-127\"><input type=\"text\" name=\"cup-127\" value=\"\" size=\"40\" class=\"wpcf7-form-control wpcf7-text wpcf7-validates-as-required\" aria-required=\"true\" aria-invalid=\"false\" \/><\/span> <\/p>\n<\/p><\/div>\n<div class=\"form_line\">\n<p>Gr\u00f6\u00dfe *<br><br \/>\n                         <span class=\"wpcf7-form-control-wrap size-127\"><input type=\"text\" name=\"size-127\" value=\"\" size=\"40\" class=\"wpcf7-form-control wpcf7-text wpcf7-validates-as-required\" aria-required=\"true\" aria-invalid=\"false\" \/><\/span> <\/p>\n<\/p><\/div>\n<div class=\"form_line\">\n<p>B\u00fcste \/ Brust *<br><br \/>\n                         <span class=\"wpcf7-form-control-wrap bust-127\"><input type=\"text\" name=\"bust-127\" value=\"\" size=\"40\" class=\"wpcf7-form-control wpcf7-text wpcf7-validates-as-required\" aria-required=\"true\" aria-invalid=\"false\" \/><\/span> <\/p>\n<\/p><\/div>\n<div class=\"form_line\">\n<p>Taille<br><br \/>\n                        <span class=\"wpcf7-form-control-wrap waist-127\"><input type=\"text\" name=\"waist-127\" value=\"\" size=\"40\" class=\"wpcf7-form-control wpcf7-text\" aria-invalid=\"false\" \/><\/span> <\/p>\n<\/p><\/div>\n<div class=\"form_line\">\n<p>H\u00fcfte <br><br \/>\n                        <span class=\"wpcf7-form-control-wrap hip-127\"><input type=\"text\" name=\"hip-127\" value=\"\" size=\"40\" class=\"wpcf7-form-control wpcf7-text\" aria-invalid=\"false\" \/><\/span> <\/p>\n<\/p><\/div>\n<div class=\"form_line\">\n<p>Schuh  <\/p>\n<p>                     <span class=\"wpcf7-form-control-wrap shoe-127\"><input type=\"text\" name=\"shoe-127\" value=\"\" size=\"40\" class=\"wpcf7-form-control wpcf7-text\" aria-invalid=\"false\" \/><\/span>\n                <\/p><\/div>\n<h2>DEIN FOTO<\/h2>\n<p>Bitte reichen Sie klare Schnappsch\u00fcsse ein - stellen Sie sicher, dass Sie viel nat\u00fcrliches Licht haben und tragen Sie KEIN Make-up mit nach unten gerichteten Haaren. Nahaufnahme - L\u00e4cheln Nahaufnahme - kein L\u00e4cheln Nahaufnahme - Profil \u00be L\u00e4nge - Badebekleidung Volle L\u00e4nge - Badebekleidung<\/p>\n<div class=\"form_line\">\n<p>Es ist sehr wichtig, dass Sie die Bilddatei vor dem Anh\u00e4ngen benennen. Beispielsweise. Wenn Sie Joe Bloe hei\u00dfen, benennen Sie Ihre Bilddatei JoeBloe.jpg. Dann haben Sie die Datei angeh\u00e4ngt. Bitte geben Sie AUCH Ihren Namen in das Fenster \u00fcber dem Modellbild ein. Maximal 4 Fotos<\/p>\n<p>                     <span class=\"wpcf7-form-control-wrap images_descr-831\"><input type=\"text\" name=\"images_descr-831\" value=\"\" size=\"40\" class=\"wpcf7-form-control wpcf7-text\" aria-invalid=\"false\" \/><\/span>\n                <\/p><\/div>\n<div class=\"form_line\">\n<p>hotos<\/p>\n<p>                    <span class=\"wpcf7-form-control-wrap upload-file-298\"><input type=\"file\" size=\"40\" class=\"wpcf7-form-control wpcf7-drag-n-drop-file d-none\" aria-invalid=\"false\" multiple=\"multiple\" data-name=\"upload-file-298\" data-max=\"4\" data-id=\"1083\" \/><\/span>\n                <\/p><\/div>\n<div class=\"form_line\">\n <input type=\"submit\" value=\"einreichen\" class=\"wpcf7-form-control wpcf7-submit\" \/>\n                <\/div>\n<div class=\"wpcf7-response-output\" aria-hidden=\"true\"><\/div><\/form><\/div><\/p>","protected":false},"excerpt":{"rendered":"","protected":false},"author":1,"featured_media":442,"parent":0,"menu_order":0,"comment_status":"closed","ping_status":"closed","template":"","meta":[],"_links":{"self":[{"href":"https:\/\/schantal-models.de\/de\/wp-json\/wp\/v2\/pages\/894"}],"collection":[{"href":"https:\/\/schantal-models.de\/de\/wp-json\/wp\/v2\/pages"}],"about":[{"href":"https:\/\/schantal-models.de\/de\/wp-json\/wp\/v2\/types\/page"}],"author":[{"embeddable":true,"href":"https:\/\/schantal-models.de\/de\/wp-json\/wp\/v2\/users\/1"}],"replies":[{"embeddable":true,"href":"https:\/\/schantal-models.de\/de\/wp-json\/wp\/v2\/comments?post=894"}],"version-history":[{"count":9,"href":"https:\/\/schantal-models.de\/de\/wp-json\/wp\/v2\/pages\/894\/revisions"}],"predecessor-version":[{"id":1215,"href":"https:\/\/schantal-models.de\/de\/wp-json\/wp\/v2\/pages\/894\/revisions\/1215"}],"wp:featuredmedia":[{"embeddable":true,"href":"https:\/\/schantal-models.de\/de\/wp-json\/wp\/v2\/media\/442"}],"wp:attachment":[{"href":"https:\/\/schantal-models.de\/de\/wp-json\/wp\/v2\/media?parent=894"}],"curies":[{"name":"wp","href":"https:\/\/api.w.org\/{rel}","templated":true}]}}