{"id":474,"date":"2020-12-30T19:23:11","date_gmt":"2020-12-30T17:23:11","guid":{"rendered":"http:\/\/schantal-models.de\/?page_id=474"},"modified":"2021-08-24T14:04:15","modified_gmt":"2021-08-24T11:04:15","slug":"modeling-courses","status":"publish","type":"page","link":"https:\/\/schantal-models.de\/de\/modeling-courses","title":{"rendered":"DIE AKADEMIE"},"content":{"rendered":"<p><\/p>\n<section class=\"paralax_person\">\n<div class=\"paralax_img\"><img loading=\"lazy\" src=\"https:\/\/schantal-models.de\/wp-content\/themes\/models\/image\/da.png\" alt=\"\" width=\"150\" height=\"150\" \/><\/div>\n<h2>DIE AKADEMIE<\/h2>\n<h2>SCHANTAL MODELS SCHOOL F\u00dcR DEINE ENTWICKLUNG ALS MODELL UND PERS\u00d6NLICH<\/h2>\n<\/section>\n<section>\n<div class=\"person_text\">\n<h2>\u00abDu kannst alles selbst erreichen, aber mit uns wirst du mehr erreichen\u00bb<\/h2>\n<div class=\"person_text_img\"><img src=\"http:\/\/schantal-models.de\/wp-content\/uploads\/2021\/01\/pamEDIT2.jpg\" alt=\"\" \/><\/div>\n<div class=\"person_text_about\">\n<p><b>Schantal Models Agentur ist die Schnittstelle f\u00fcr Models und Auftraggeber!<\/b><\/p>\n<p>Wir bieten Fashion Labels, Produzenten und Werbeagenturen Models aus aller Welt. In unserem Base finden sich zahlreiche Modelle und Darsteller der Kategorien M\u00e4nner, M\u00e4nner 40+, Frauen, Frauen 40+ und Plus Size. Unser oberstes Ziel ist die Vermittlung von Jobs, bei denen sich alle Beteiligten wohlf\u00fchlen und die dir voll und ganz entsprechen wird. Dabei sind wir offen f\u00fcr nationale und internationale Kooperationen in den Bereichen Fotografie, Film, Pr\u00e4sentation, Catwalk, Werbung, Messe und vielen mehr. <\/p>\n<p>   Du hast Interesse unserer Modelkartei beizutreten? Wir sind st\u00e4ndig auf der Suche nach neuen Gesichtern. Dabei musst du keinesfalls dem 90-60-90-Standard entsprechen. Bei uns steht Vielfalt im Vordergrund. Es ist auch kein Problem, wenn du noch keine Erfahrung in dem Bereich hast. In den verschiedenen Kursen unserer Modelschule bereitet unser fachkundiges Team dich optimal auf die verschiedenen Arten Jobs vor (Modenschau, Fotografie, Fernsehwerbung und Werbespots, Arbeiten auf Messe und vieles mehr). Personalisierte Programme werden angeboten, damit Sie die beste Wahl k\u00f6nnen. Trainingsprogramme k\u00f6nnen Sie hier einsehen. Mit unserem professionellen Fotografen erarbeitest du dir nebenbei eine qualitative, auf dich pers\u00f6nlich abgestimmte Model-Portfolio. Egal ob du nur einen Nebenjob suchst oder eine internationale Modelkarriere planst \u2013 wir unterst\u00fctzen dich bei deiner Entwicklung. <\/p>\n<p>   Ausgehend von unserem Standort im Herzen von Hannover fungieren wir weltweit als Vermittler auf hohem Niveau. Wir legen viel Wert auf eine zufriedenstellende, erfolgreiche Zusammenarbeit. Deshalb sind uns der pers\u00f6nliche Austausch und ein famili\u00e4res Miteinander wichtig.<\/p>\n<\/div>\n<\/div>\n<\/section>\n<p><\/p>","protected":false},"excerpt":{"rendered":"<p>DIE AKADEMIE SCHANTAL MODELS SCHOOL F\u00dcR DEINE ENTWICKLUNG ALS MODELL UND PERS\u00d6NLICH \u00abDu kannst alles selbst erreichen, aber mit uns wirst du mehr erreichen\u00bb Schantal Models Agentur ist die Schnittstelle f\u00fcr Models und Auftraggeber! Wir bieten Fashion Labels, Produzenten und Werbeagenturen Models aus aller Welt. In unserem Base finden sich zahlreiche Modelle und Darsteller der [&hellip;]<\/p>\n","protected":false},"author":1,"featured_media":542,"parent":0,"menu_order":0,"comment_status":"closed","ping_status":"closed","template":"","meta":[],"_links":{"self":[{"href":"https:\/\/schantal-models.de\/de\/wp-json\/wp\/v2\/pages\/474"}],"collection":[{"href":"https:\/\/schantal-models.de\/de\/wp-json\/wp\/v2\/pages"}],"about":[{"href":"https:\/\/schantal-models.de\/de\/wp-json\/wp\/v2\/types\/page"}],"author":[{"embeddable":true,"href":"https:\/\/schantal-models.de\/de\/wp-json\/wp\/v2\/users\/1"}],"replies":[{"embeddable":true,"href":"https:\/\/schantal-models.de\/de\/wp-json\/wp\/v2\/comments?post=474"}],"version-history":[{"count":38,"href":"https:\/\/schantal-models.de\/de\/wp-json\/wp\/v2\/pages\/474\/revisions"}],"predecessor-version":[{"id":1247,"href":"https:\/\/schantal-models.de\/de\/wp-json\/wp\/v2\/pages\/474\/revisions\/1247"}],"wp:featuredmedia":[{"embeddable":true,"href":"https:\/\/schantal-models.de\/de\/wp-json\/wp\/v2\/media\/542"}],"wp:attachment":[{"href":"https:\/\/schantal-models.de\/de\/wp-json\/wp\/v2\/media?parent=474"}],"curies":[{"name":"wp","href":"https:\/\/api.w.org\/{rel}","templated":true}]}}