{"id":1116,"date":"2021-02-11T10:17:42","date_gmt":"2021-02-11T08:17:42","guid":{"rendered":"http:\/\/schantal-models.de\/?page_id=1116"},"modified":"2021-08-24T19:25:25","modified_gmt":"2021-08-24T16:25:25","slug":"become-a-model","status":"publish","type":"page","link":"https:\/\/schantal-models.de\/de\/become-a-model","title":{"rendered":"Ein Model werden"},"content":{"rendered":"<p><\/p>\n<section class=\"paralax_get_souted\">\n<div class=\"paralax_img emw\"><img src=\"https:\/\/schantal-models.de\/wp-content\/themes\/models\/image\/emw.png\"><\/div>\n<div class=\"paralax_get_souted_text\">\n<h3>Schantal Models Agentur<\/h3>\n<\/div>\n<\/section>\n<section>\n<div class=\"get_souted_details\">\n<h3><strong>DIE<\/strong> DETAILS<\/h3>\n<div class=\"get_souted_text\">\n<p>Schantal Models ist die perfekte Wahl sowohl f\u00fcr Einsteiger als auch f\u00fcr professionelle Modelle. Wir suchen sowohl Modelle mit unterschiedlichen Stilen und unterschiedlichen S\u00e4ttigungen, wir sind f\u00fcr alle Modelle offen. Es wird angenommen, dass das Modelgesch\u00e4ft gerissen, grausam und intolerant gegen\u00fcber Neuank\u00f6mmlingen ist. Warum wir? Denn nur wir zerst\u00f6ren selbstbewusst g\u00e4ngige Stereotypen \u00fcber das Modelgesch\u00e4ft. Wir unterscheiden uns von Mitbewerbern durch eine individuelle Herangehensweise an jedes Model und die Suche nach neuen M\u00f6glichkeiten f\u00fcr die Karriereentwicklung im Modelgesch\u00e4ft. Schantal Models ist gegen die Aufteilung in Standards, wir sind immer bereit, Ihnen zu helfen, ein Star des Laufstegs zu werden, auf den Titelseiten von Zeitschriften zu erscheinen oder ein Held einer Serie zu sein.<br \/>\nWir bauen unseren Ruf mit t\u00e4glicher harter Arbeit auf. Es w\u00e4re Wahnsinn unsererseits, diese bewusst zu zerst\u00f6ren, indem wir uns auf eine Zusammenarbeit mit dubiosen Kunden einlassen. Informationen \u00fcber potenzielle Partner pr\u00fcfen wir sorgf\u00e4ltig, bevor wir Ihnen diese pr\u00e4sentieren.<br \/>\nSchantal Models bietet unseren Kunden ein vielseitiges und vielf\u00e4ltiges Leistungsspektrum, das alle Modeproduktionen, Models und Talente abdeckt \u2013 Fashion Models, Commercial Models, Curve Models, Classic Models, Non-Standard Models, Fotografen, Stylisten und Visagisten. Wir sind daf\u00fcr bekannt, unseren Kunden hochqualifizierte und erfahrene Models, Talente und K\u00fcnstler zur Verf\u00fcgung zu stellen.<br \/>\nDank der Auswahl von Models jeden Alters und jeder Parameter verf\u00fcgt die Agentur Schantal Models \u00fcber die umfangreichste Modeldatenbank. Dank unserer detaillierten Suchmaschine k\u00f6nnen Sie ganz einfach ein Modell f\u00fcr Ihr Projekt ausw\u00e4hlen. M\u00e4nner, Frauen unterschiedlichen Alters und jeder S\u00e4ttigung \u2013 unsere Aufgabe bleibt es, auch h\u00f6chsten Anspr\u00fcchen gerecht zu werden.<\/p>\n<\/div>\n<\/div>\n<\/section>\n<section class=\"paralax_get_souted_info\">\n<div class=\"paralax_get_souted_info_text\">\n<p class=\"right\">Jeder kann sich Wissen aneignen<br \/> und sich als professionelles Model versuchen.<\/p>\n<p><a href=\"\/de\/apply\">Ein Model werden<\/a><\/p>\n<\/div>\n<\/section>\n<section>\n<div class=\"faq\">\n<div class=\"faq_text\">\n<h2>FAQ<\/h2>\n<ul>\n<li><a href=\"#\">I\u2019m interested in modelling &#8211; how do I go about contacting the agency<\/a><\/li>\n<li><a href=\"#\">What do I need to send you when I enquire about becoming a model?<\/a><\/li>\n<li><a href=\"#\">Do you have to be a specific size to model with your agency?<\/a><\/li>\n<li><a href=\"#\">What divisions do you have within your agency?<\/a><\/li>\n<li><a href=\"#\">What age do you represent?<\/a><\/li>\n<li><a href=\"#\">Is my child too young for modelling?<\/a><\/li>\n<li><a href=\"#\">Can I just do TVC or Film?<\/a><\/li>\n<li><a href=\"#\">Do I need to pay to join your agency?<\/a><\/li>\n<li><a href=\"#\">Am I going to get work?<\/a><\/li>\n<li><a href=\"#\">Do I need to pay for a professional photoshoot?<\/a><\/li>\n<li><a href=\"#\">Do I have to have experience or training?<\/a><\/li>\n<li><a href=\"#\">When do I get work?<\/a><\/li>\n<\/ul>\n<\/div>\n<\/div>\n<\/section>\n<p><\/p>","protected":false},"excerpt":{"rendered":"<p>Schantal Models Agentur DIE DETAILS Schantal Models ist die perfekte Wahl sowohl f\u00fcr Einsteiger als auch f\u00fcr professionelle Modelle. Wir suchen sowohl Modelle mit unterschiedlichen Stilen und unterschiedlichen S\u00e4ttigungen, wir sind f\u00fcr alle Modelle offen. Es wird angenommen, dass das Modelgesch\u00e4ft gerissen, grausam und intolerant gegen\u00fcber Neuank\u00f6mmlingen ist. Warum wir? Denn nur wir zerst\u00f6ren selbstbewusst [&hellip;]<\/p>\n","protected":false},"author":1,"featured_media":0,"parent":0,"menu_order":0,"comment_status":"closed","ping_status":"closed","template":"","meta":[],"_links":{"self":[{"href":"https:\/\/schantal-models.de\/de\/wp-json\/wp\/v2\/pages\/1116"}],"collection":[{"href":"https:\/\/schantal-models.de\/de\/wp-json\/wp\/v2\/pages"}],"about":[{"href":"https:\/\/schantal-models.de\/de\/wp-json\/wp\/v2\/types\/page"}],"author":[{"embeddable":true,"href":"https:\/\/schantal-models.de\/de\/wp-json\/wp\/v2\/users\/1"}],"replies":[{"embeddable":true,"href":"https:\/\/schantal-models.de\/de\/wp-json\/wp\/v2\/comments?post=1116"}],"version-history":[{"count":18,"href":"https:\/\/schantal-models.de\/de\/wp-json\/wp\/v2\/pages\/1116\/revisions"}],"predecessor-version":[{"id":1257,"href":"https:\/\/schantal-models.de\/de\/wp-json\/wp\/v2\/pages\/1116\/revisions\/1257"}],"wp:attachment":[{"href":"https:\/\/schantal-models.de\/de\/wp-json\/wp\/v2\/media?parent=1116"}],"curies":[{"name":"wp","href":"https:\/\/api.w.org\/{rel}","templated":true}]}}